{"id":2111,"date":"2016-10-03T18:17:42","date_gmt":"2016-10-03T18:17:42","guid":{"rendered":"https:\/\/demo09.houzez.co\/?page_id=2111"},"modified":"2024-09-02T15:25:17","modified_gmt":"2024-09-02T15:25:17","slug":"contact-us","status":"publish","type":"page","link":"https:\/\/villasincasa.com\/es\/contact-us\/","title":{"rendered":"Cont\u00e1ctenos"},"content":{"rendered":"<div data-elementor-type=\"wp-post\" data-elementor-id=\"2111\" class=\"elementor elementor-2111\">\n\t\t\t\t\t\t<section class=\"elementor-section elementor-top-section elementor-element elementor-element-628fa18 elementor-section-boxed elementor-section-height-default elementor-section-height-default\" data-id=\"628fa18\" data-element_type=\"section\" data-e-type=\"section\">\n\t\t\t\t\t\t<div class=\"elementor-container elementor-column-gap-default\">\n\t\t\t\t\t<div class=\"elementor-column elementor-col-100 elementor-top-column elementor-element elementor-element-0fb00b9\" data-id=\"0fb00b9\" data-element_type=\"column\" data-e-type=\"column\">\n\t\t\t<div class=\"elementor-widget-wrap elementor-element-populated\">\n\t\t\t\t\t\t<div class=\"elementor-element elementor-element-9c2255e elementor-widget elementor-widget-spacer\" data-id=\"9c2255e\" data-element_type=\"widget\" data-e-type=\"widget\" data-widget_type=\"spacer.default\">\n\t\t\t\t<div class=\"elementor-widget-container\">\n\t\t\t\t\t\t\t<div class=\"elementor-spacer\">\n\t\t\t<div class=\"elementor-spacer-inner\"><\/div>\n\t\t<\/div>\n\t\t\t\t\t\t<\/div>\n\t\t\t\t<\/div>\n\t\t\t\t\t<\/div>\n\t\t<\/div>\n\t\t\t\t\t<\/div>\n\t\t<\/section>\n\t\t\t\t<section class=\"elementor-section elementor-top-section elementor-element elementor-element-18c8cbb elementor-section-boxed elementor-section-height-default elementor-section-height-default\" data-id=\"18c8cbb\" data-element_type=\"section\" data-e-type=\"section\">\n\t\t\t\t\t\t<div class=\"elementor-container elementor-column-gap-default\">\n\t\t\t\t\t<div class=\"elementor-column elementor-col-100 elementor-top-column elementor-element elementor-element-89bb6eb\" data-id=\"89bb6eb\" data-element_type=\"column\" data-e-type=\"column\">\n\t\t\t<div class=\"elementor-widget-wrap elementor-element-populated\">\n\t\t\t\t\t\t<div class=\"elementor-element elementor-element-52a1ef9 elementor-widget elementor-widget-heading\" data-id=\"52a1ef9\" data-element_type=\"widget\" data-e-type=\"widget\" data-widget_type=\"heading.default\">\n\t\t\t\t<div class=\"elementor-widget-container\">\n\t\t\t\t\t<h1 class=\"elementor-heading-title elementor-size-large\">VillasInCasa<\/h1>\t\t\t\t<\/div>\n\t\t\t\t<\/div>\n\t\t\t\t\t<\/div>\n\t\t<\/div>\n\t\t\t\t\t<\/div>\n\t\t<\/section>\n\t\t\t\t<section class=\"elementor-section elementor-top-section elementor-element elementor-element-ff26425 elementor-section-boxed elementor-section-height-default elementor-section-height-default\" data-id=\"ff26425\" data-element_type=\"section\" data-e-type=\"section\">\n\t\t\t\t\t\t<div class=\"elementor-container elementor-column-gap-default\">\n\t\t\t\t\t<div class=\"elementor-column elementor-col-100 elementor-top-column elementor-element elementor-element-7f5ddf5\" data-id=\"7f5ddf5\" data-element_type=\"column\" data-e-type=\"column\">\n\t\t\t<div class=\"elementor-widget-wrap elementor-element-populated\">\n\t\t\t\t\t\t<div class=\"elementor-element elementor-element-321edde elementor-widget elementor-widget-text-editor\" data-id=\"321edde\" data-element_type=\"widget\" data-e-type=\"widget\" data-widget_type=\"text-editor.default\">\n\t\t\t\t<div class=\"elementor-widget-container\">\n\t\t\t\t\t\t\t\t\t<p>Por Casas del Para\u00edso del Caribe<\/p>\t\t\t\t\t\t\t\t<\/div>\n\t\t\t\t<\/div>\n\t\t\t\t\t<\/div>\n\t\t<\/div>\n\t\t\t\t\t<\/div>\n\t\t<\/section>\n\t\t\t\t<section class=\"elementor-section elementor-top-section elementor-element elementor-element-fbecbee elementor-section-boxed elementor-section-height-default elementor-section-height-default\" data-id=\"fbecbee\" data-element_type=\"section\" data-e-type=\"section\">\n\t\t\t\t\t\t<div class=\"elementor-container elementor-column-gap-default\">\n\t\t\t\t\t<div class=\"elementor-column elementor-col-100 elementor-top-column elementor-element elementor-element-99d5b66\" data-id=\"99d5b66\" data-element_type=\"column\" data-e-type=\"column\">\n\t\t\t<div class=\"elementor-widget-wrap elementor-element-populated\">\n\t\t\t\t\t\t<div class=\"elementor-element elementor-element-9f6a9f8 elementor-widget elementor-widget-text-editor\" data-id=\"9f6a9f8\" data-element_type=\"widget\" data-e-type=\"widget\" data-widget_type=\"text-editor.default\">\n\t\t\t\t<div class=\"elementor-widget-container\">\n\t\t\t\t\t\t\t\t\t<p><strong>Habla a<\/strong><br \/>Casa de Campo, La Romana, Rep\u00fablica Dominicana<\/p><p><strong>N\u00famero de oficina<\/strong><br \/>+1 (917) 310 2185<\/p><p><strong>WhatsApp<\/strong><br \/>+1 (809) 697 4404 (Chat en vivo)<br \/>+1 (809) 390-0072 (Chat en vivo)<\/p><p><strong>Correos electr\u00f3nicos<\/strong><br \/><strong>Consultas generales<\/strong>\u00a0\u2013 info@caribbeanparadisehomes.com<strong><br \/><\/strong><\/p><p><strong>Horas Laborales<\/strong><br \/>Lunes a Viernes, 9am a 5pm<\/p>\t\t\t\t\t\t\t\t<\/div>\n\t\t\t\t<\/div>\n\t\t\t\t\t<\/div>\n\t\t<\/div>\n\t\t\t\t\t<\/div>\n\t\t<\/section>\n\t\t\t\t<section class=\"elementor-section elementor-top-section elementor-element elementor-element-6ca75b4 elementor-section-boxed elementor-section-height-default elementor-section-height-default\" data-id=\"6ca75b4\" data-element_type=\"section\" data-e-type=\"section\">\n\t\t\t\t\t\t<div class=\"elementor-container elementor-column-gap-default\">\n\t\t\t\t\t<div class=\"elementor-column elementor-col-100 elementor-top-column elementor-element elementor-element-861c742\" data-id=\"861c742\" data-element_type=\"column\" data-e-type=\"column\">\n\t\t\t<div class=\"elementor-widget-wrap elementor-element-populated\">\n\t\t\t\t\t\t<div class=\"elementor-element elementor-element-894afdb elementor-widget elementor-widget-spacer\" data-id=\"894afdb\" data-element_type=\"widget\" data-e-type=\"widget\" data-widget_type=\"spacer.default\">\n\t\t\t\t<div class=\"elementor-widget-container\">\n\t\t\t\t\t\t\t<div class=\"elementor-spacer\">\n\t\t\t<div class=\"elementor-spacer-inner\"><\/div>\n\t\t<\/div>\n\t\t\t\t\t\t<\/div>\n\t\t\t\t<\/div>\n\t\t\t\t\t<\/div>\n\t\t<\/div>\n\t\t\t\t\t<\/div>\n\t\t<\/section>\n\t\t\t\t<section class=\"elementor-section elementor-top-section elementor-element elementor-element-3211689 elementor-section-boxed elementor-section-height-default elementor-section-height-default\" data-id=\"3211689\" data-element_type=\"section\" data-e-type=\"section\" data-settings=\"{&quot;background_background&quot;:&quot;classic&quot;,&quot;shape_divider_top&quot;:&quot;waves&quot;}\">\n\t\t\t\t\t<div class=\"elementor-shape elementor-shape-top\" aria-hidden=\"true\" data-negative=\"false\">\n\t\t\t<svg xmlns=\"http:\/\/www.w3.org\/2000\/svg\" viewbox=\"0 0 1000 100\" preserveaspectratio=\"none\">\n\t<path class=\"elementor-shape-fill\" d=\"M421.9,6.5c22.6-2.5,51.5,0.4,75.5,5.3c23.6,4.9,70.9,23.5,100.5,35.7c75.8,32.2,133.7,44.5,192.6,49.7\tc23.6,2.1,48.7,3.5,103.4-2.5c54.7-6,106.2-25.6,106.2-25.6V0H0v30.3c0,0,72,32.6,158.4,30.5c39.2-0.7,92.8-6.7,134-22.4\tc21.2-8.1,52.2-18.2,79.7-24.2C399.3,7.9,411.6,7.5,421.9,6.5z\"\/>\n<\/svg>\t\t<\/div>\n\t\t\t\t\t<div class=\"elementor-container elementor-column-gap-default\">\n\t\t\t\t\t<div class=\"elementor-column elementor-col-100 elementor-top-column elementor-element elementor-element-b21e6e2\" data-id=\"b21e6e2\" data-element_type=\"column\" data-e-type=\"column\">\n\t\t\t<div class=\"elementor-widget-wrap elementor-element-populated\">\n\t\t\t\t\t\t<div class=\"elementor-element elementor-element-903df82 elementor-widget elementor-widget-spacer\" data-id=\"903df82\" data-element_type=\"widget\" data-e-type=\"widget\" data-widget_type=\"spacer.default\">\n\t\t\t\t<div class=\"elementor-widget-container\">\n\t\t\t\t\t\t\t<div class=\"elementor-spacer\">\n\t\t\t<div class=\"elementor-spacer-inner\"><\/div>\n\t\t<\/div>\n\t\t\t\t\t\t<\/div>\n\t\t\t\t<\/div>\n\t\t\t\t\t<\/div>\n\t\t<\/div>\n\t\t\t\t\t<\/div>\n\t\t<\/section>\n\t\t\t\t<\/div>","protected":false},"excerpt":{"rendered":"<p>VillasInCasa By Caribbean Paradise Homes Direcci\u00f3n Casa de Campo, La Romana, Rep\u00fablica Dominicana N\u00famero de oficina +1 (917) 310 2185 WhatsApp +1 (809) 697 4404 (Chat en vivo) +1 (809) 390-0072 (Chat en vivo) Correos electr\u00f3nicos General Consultas: info@caribbeanparadisehomes.com Horario de trabajo de lunes a viernes, de 9 a. m. a 5 p. m.<\/p>","protected":false},"author":1,"featured_media":0,"parent":0,"menu_order":0,"comment_status":"closed","ping_status":"closed","template":"elementor_header_footer","meta":{"_joinchat":[],"footnotes":""},"class_list":["post-2111","page","type-page","status-publish","hentry"],"yoast_head":"<!-- This site is optimized with the Yoast SEO plugin v27.5 - https:\/\/yoast.com\/product\/yoast-seo-wordpress\/ -->\n<title>Contact Us | Dominican Republic<\/title>\n<meta name=\"robots\" content=\"index, follow, max-snippet:-1, max-image-preview:large, max-video-preview:-1\" \/>\n<link rel=\"canonical\" href=\"https:\/\/villasincasa.com\/es\/contact-us\/\" \/>\n<meta property=\"og:locale\" content=\"es_ES\" \/>\n<meta property=\"og:type\" content=\"article\" \/>\n<meta property=\"og:title\" content=\"Contact Us | Dominican Republic\" \/>\n<meta property=\"og:description\" content=\"VillasInCasa By Caribbean Paradise Homes Address Casa de Campo, La Romana, Dominican Republic Office Number +1 (917) 310 2185 WhatsApp +1 (809) 697 4404 (Live Chat) +1 (809) 390-0072 (Live Chat) Emails General Inquiries\u00a0&#8211; info@caribbeanparadisehomes.com Working Hours Monday to Friday, 9am to 5pm\" \/>\n<meta property=\"og:url\" content=\"https:\/\/villasincasa.com\/es\/contact-us\/\" \/>\n<meta property=\"og:site_name\" content=\"Villas In Casa\" \/>\n<meta property=\"article:publisher\" content=\"https:\/\/www.facebook.com\/caribbeanparadisehomes\/?ref=ts\" \/>\n<meta property=\"article:modified_time\" content=\"2024-09-02T15:25:17+00:00\" \/>\n<meta name=\"twitter:card\" content=\"summary_large_image\" \/>\n<meta name=\"twitter:label1\" content=\"Tiempo de lectura\" \/>\n\t<meta name=\"twitter:data1\" content=\"1 minuto\" \/>\n<script type=\"application\/ld+json\" class=\"yoast-schema-graph\">{\"@context\":\"https:\\\/\\\/schema.org\",\"@graph\":[{\"@type\":\"WebPage\",\"@id\":\"https:\\\/\\\/villasincasa.com\\\/contact-us\\\/\",\"url\":\"https:\\\/\\\/villasincasa.com\\\/contact-us\\\/\",\"name\":\"Contact Us | Dominican Republic\",\"isPartOf\":{\"@id\":\"https:\\\/\\\/villasincasa.com\\\/es\\\/#website\"},\"datePublished\":\"2016-10-03T18:17:42+00:00\",\"dateModified\":\"2024-09-02T15:25:17+00:00\",\"breadcrumb\":{\"@id\":\"https:\\\/\\\/villasincasa.com\\\/contact-us\\\/#breadcrumb\"},\"inLanguage\":\"es\",\"potentialAction\":[{\"@type\":\"ReadAction\",\"target\":[\"https:\\\/\\\/villasincasa.com\\\/contact-us\\\/\"]}]},{\"@type\":\"BreadcrumbList\",\"@id\":\"https:\\\/\\\/villasincasa.com\\\/contact-us\\\/#breadcrumb\",\"itemListElement\":[{\"@type\":\"ListItem\",\"position\":1,\"name\":\"Home\",\"item\":\"https:\\\/\\\/villasincasa.com\\\/\"},{\"@type\":\"ListItem\",\"position\":2,\"name\":\"Contact Us\"}]},{\"@type\":\"WebSite\",\"@id\":\"https:\\\/\\\/villasincasa.com\\\/es\\\/#website\",\"url\":\"https:\\\/\\\/villasincasa.com\\\/es\\\/\",\"name\":\"Villas In Casa\",\"description\":\"Real Estate in Casa de Campo\",\"publisher\":{\"@id\":\"https:\\\/\\\/villasincasa.com\\\/es\\\/#organization\"},\"potentialAction\":[{\"@type\":\"SearchAction\",\"target\":{\"@type\":\"EntryPoint\",\"urlTemplate\":\"https:\\\/\\\/villasincasa.com\\\/es\\\/?s={search_term_string}\"},\"query-input\":{\"@type\":\"PropertyValueSpecification\",\"valueRequired\":true,\"valueName\":\"search_term_string\"}}],\"inLanguage\":\"es\"},{\"@type\":\"Organization\",\"@id\":\"https:\\\/\\\/villasincasa.com\\\/es\\\/#organization\",\"name\":\"Villas In Casa\",\"url\":\"https:\\\/\\\/villasincasa.com\\\/es\\\/\",\"logo\":{\"@type\":\"ImageObject\",\"inLanguage\":\"es\",\"@id\":\"https:\\\/\\\/villasincasa.com\\\/es\\\/#\\\/schema\\\/logo\\\/image\\\/\",\"url\":\"https:\\\/\\\/secureservercdn.net\\\/45.40.145.151\\\/s9d.0b9.myftpupload.com\\\/wp-content\\\/uploads\\\/2020\\\/06\\\/VillasInCasa3.png?time=1617742523?v=1599195215\",\"contentUrl\":\"https:\\\/\\\/secureservercdn.net\\\/45.40.145.151\\\/s9d.0b9.myftpupload.com\\\/wp-content\\\/uploads\\\/2020\\\/06\\\/VillasInCasa3.png?time=1617742523?v=1599195215\",\"width\":1170,\"height\":186,\"caption\":\"Villas In Casa\"},\"image\":{\"@id\":\"https:\\\/\\\/villasincasa.com\\\/es\\\/#\\\/schema\\\/logo\\\/image\\\/\"},\"sameAs\":[\"https:\\\/\\\/www.facebook.com\\\/caribbeanparadisehomes\\\/?ref=ts\",\"https:\\\/\\\/www.instagram.com\\\/caribbeanparadisehomes\\\/\"]}]}<\/script>\n<!-- \/ Yoast SEO plugin. -->","yoast_head_json":{"title":"Cont\u00e1ctenos | Rep\u00fablica Dominicana","robots":{"index":"index","follow":"follow","max-snippet":"max-snippet:-1","max-image-preview":"max-image-preview:large","max-video-preview":"max-video-preview:-1"},"canonical":"https:\/\/villasincasa.com\/es\/contact-us\/","og_locale":"es_ES","og_type":"article","og_title":"Contact Us | Dominican Republic","og_description":"VillasInCasa By Caribbean Paradise Homes Address Casa de Campo, La Romana, Dominican Republic Office Number +1 (917) 310 2185 WhatsApp +1 (809) 697 4404 (Live Chat) +1 (809) 390-0072 (Live Chat) Emails General Inquiries\u00a0&#8211; info@caribbeanparadisehomes.com Working Hours Monday to Friday, 9am to 5pm","og_url":"https:\/\/villasincasa.com\/es\/contact-us\/","og_site_name":"Villas In Casa","article_publisher":"https:\/\/www.facebook.com\/caribbeanparadisehomes\/?ref=ts","article_modified_time":"2024-09-02T15:25:17+00:00","twitter_card":"summary_large_image","twitter_misc":{"Tiempo de lectura":"1 minuto"},"schema":{"@context":"https:\/\/schema.org","@graph":[{"@type":"WebPage","@id":"https:\/\/villasincasa.com\/contact-us\/","url":"https:\/\/villasincasa.com\/contact-us\/","name":"Cont\u00e1ctenos | Rep\u00fablica Dominicana","isPartOf":{"@id":"https:\/\/villasincasa.com\/es\/#website"},"datePublished":"2016-10-03T18:17:42+00:00","dateModified":"2024-09-02T15:25:17+00:00","breadcrumb":{"@id":"https:\/\/villasincasa.com\/contact-us\/#breadcrumb"},"inLanguage":"es","potentialAction":[{"@type":"ReadAction","target":["https:\/\/villasincasa.com\/contact-us\/"]}]},{"@type":"BreadcrumbList","@id":"https:\/\/villasincasa.com\/contact-us\/#breadcrumb","itemListElement":[{"@type":"ListItem","position":1,"name":"Home","item":"https:\/\/villasincasa.com\/"},{"@type":"ListItem","position":2,"name":"Contact Us"}]},{"@type":"WebSite","@id":"https:\/\/villasincasa.com\/es\/#website","url":"https:\/\/villasincasa.com\/es\/","name":"Villas En Casa","description":"Inmobiliaria en Casa de Campo","publisher":{"@id":"https:\/\/villasincasa.com\/es\/#organization"},"potentialAction":[{"@type":"SearchAction","target":{"@type":"EntryPoint","urlTemplate":"https:\/\/villasincasa.com\/es\/?s={search_term_string}"},"query-input":{"@type":"PropertyValueSpecification","valueRequired":true,"valueName":"search_term_string"}}],"inLanguage":"es"},{"@type":"Organization","@id":"https:\/\/villasincasa.com\/es\/#organization","name":"Villas En Casa","url":"https:\/\/villasincasa.com\/es\/","logo":{"@type":"ImageObject","inLanguage":"es","@id":"https:\/\/villasincasa.com\/es\/#\/schema\/logo\/image\/","url":"https:\/\/secureservercdn.net\/45.40.145.151\/s9d.0b9.myftpupload.com\/wp-content\/uploads\/2020\/06\/VillasInCasa3.png?time=1617742523?v=1599195215","contentUrl":"https:\/\/secureservercdn.net\/45.40.145.151\/s9d.0b9.myftpupload.com\/wp-content\/uploads\/2020\/06\/VillasInCasa3.png?time=1617742523?v=1599195215","width":1170,"height":186,"caption":"Villas In Casa"},"image":{"@id":"https:\/\/villasincasa.com\/es\/#\/schema\/logo\/image\/"},"sameAs":["https:\/\/www.facebook.com\/caribbeanparadisehomes\/?ref=ts","https:\/\/www.instagram.com\/caribbeanparadisehomes\/"]}]}},"_links":{"self":[{"href":"https:\/\/villasincasa.com\/es\/wp-json\/wp\/v2\/pages\/2111","targetHints":{"allow":["GET"]}}],"collection":[{"href":"https:\/\/villasincasa.com\/es\/wp-json\/wp\/v2\/pages"}],"about":[{"href":"https:\/\/villasincasa.com\/es\/wp-json\/wp\/v2\/types\/page"}],"author":[{"embeddable":true,"href":"https:\/\/villasincasa.com\/es\/wp-json\/wp\/v2\/users\/1"}],"replies":[{"embeddable":true,"href":"https:\/\/villasincasa.com\/es\/wp-json\/wp\/v2\/comments?post=2111"}],"version-history":[{"count":5,"href":"https:\/\/villasincasa.com\/es\/wp-json\/wp\/v2\/pages\/2111\/revisions"}],"predecessor-version":[{"id":14155,"href":"https:\/\/villasincasa.com\/es\/wp-json\/wp\/v2\/pages\/2111\/revisions\/14155"}],"wp:attachment":[{"href":"https:\/\/villasincasa.com\/es\/wp-json\/wp\/v2\/media?parent=2111"}],"curies":[{"name":"gracias","href":"https:\/\/api.w.org\/{rel}","templated":true}]}}